{"id":53,"date":"2025-03-28T17:17:13","date_gmt":"2025-03-28T16:17:13","guid":{"rendered":"https:\/\/azur-reflexologie.fr\/?page_id=53"},"modified":"2026-03-22T15:05:37","modified_gmt":"2026-03-22T14:05:37","slug":"carte-cadeau","status":"publish","type":"page","link":"https:\/\/azur-reflexologie.fr\/?page_id=53","title":{"rendered":"Carte cadeau"},"content":{"rendered":"\t\t<div data-elementor-type=\"wp-page\" data-elementor-id=\"53\" class=\"elementor elementor-53\">\n\t\t\t\t<div class=\"elementor-element elementor-element-3db2b228 e-flex e-con-boxed e-con e-parent\" data-id=\"3db2b228\" data-element_type=\"container\" data-e-type=\"container\">\n\t\t\t\t\t<div class=\"e-con-inner\">\n\t\t\t\t<div class=\"elementor-element elementor-element-cb519f3 elementor-widget elementor-widget-heading\" data-id=\"cb519f3\" data-element_type=\"widget\" data-e-type=\"widget\" data-widget_type=\"heading.default\">\n\t\t\t\t<div class=\"elementor-widget-container\">\n\t\t\t\t\t<h2 class=\"elementor-heading-title elementor-size-default\">Envie d'offrir une s\u00e9ance \u00e0 un de vos proches ?<\/h2>\t\t\t\t<\/div>\n\t\t\t\t<\/div>\n\t\t<div class=\"elementor-element elementor-element-500217b e-grid e-con-full e-con e-child\" data-id=\"500217b\" data-element_type=\"container\" data-e-type=\"container\">\n\t\t\t\t<div class=\"elementor-element elementor-element-3287a8cc elementor-widget elementor-widget-text-editor\" data-id=\"3287a8cc\" data-element_type=\"widget\" data-e-type=\"widget\" data-widget_type=\"text-editor.default\">\n\t\t\t\t<div class=\"elementor-widget-container\">\n\t\t\t\t\t\t\t\t\t<p style=\"text-align: justify;\"><em>Semez une graine de bien-\u00eatre autour de vous : offrez une carte cadeau pour une exp\u00e9rience relaxante et revitalisante. <\/em><\/p><p style=\"text-align: justify;\">Je vous propose<strong> diff\u00e9rentes formules<\/strong> de cartes cadeaux pour des s\u00e9ances de r\u00e9flexologie plantaire en cabinet.<\/p><p style=\"text-align: justify;\">Apr\u00e8s paiement, vous recevrez votre carte cadeau personnalis\u00e9e par e-mail sous 48h<\/p><p><strong>N\u2019h\u00e9sitez pas \u00e0 me contacter :<br \/>&#8211; Par t\u00e9l\u00e9phone : <a href=\"tel:0651780733\">06.51.78.07.33<\/a><br \/>&#8211; ou par e-mail : <a href=\"mailto:sandrine@azur-reflexologie.fr\">sandrine@azur-reflexologie.fr<\/a><\/strong><\/p>\t\t\t\t\t\t\t\t<\/div>\n\t\t\t\t<\/div>\n\t\t\t\t<div class=\"elementor-element elementor-element-193f971 elementor-widget elementor-widget-image\" data-id=\"193f971\" data-element_type=\"widget\" data-e-type=\"widget\" data-widget_type=\"image.default\">\n\t\t\t\t<div class=\"elementor-widget-container\">\n\t\t\t\t\t\t\t\t\t\t\t\t\t\t\t<img fetchpriority=\"high\" decoding=\"async\" width=\"771\" height=\"1024\" src=\"https:\/\/azur-reflexologie.fr\/wp-content\/uploads\/2025\/03\/IMG_20250226_164530-01-771x1024.jpeg\" class=\"attachment-large size-large wp-image-257\" alt=\"\" srcset=\"https:\/\/azur-reflexologie.fr\/wp-content\/uploads\/2025\/03\/IMG_20250226_164530-01-771x1024.jpeg 771w, https:\/\/azur-reflexologie.fr\/wp-content\/uploads\/2025\/03\/IMG_20250226_164530-01-226x300.jpeg 226w, https:\/\/azur-reflexologie.fr\/wp-content\/uploads\/2025\/03\/IMG_20250226_164530-01-768x1020.jpeg 768w, https:\/\/azur-reflexologie.fr\/wp-content\/uploads\/2025\/03\/IMG_20250226_164530-01-1157x1536.jpeg 1157w, https:\/\/azur-reflexologie.fr\/wp-content\/uploads\/2025\/03\/IMG_20250226_164530-01-1542x2048.jpeg 1542w, https:\/\/azur-reflexologie.fr\/wp-content\/uploads\/2025\/03\/IMG_20250226_164530-01-45x60.jpeg 45w, https:\/\/azur-reflexologie.fr\/wp-content\/uploads\/2025\/03\/IMG_20250226_164530-01-scaled.jpeg 1928w\" sizes=\"(max-width: 771px) 100vw, 771px\" \/>\t\t\t\t\t\t\t\t\t\t\t\t\t\t\t<\/div>\n\t\t\t\t<\/div>\n\t\t\t\t<\/div>\n\t\t\t\t\t<\/div>\n\t\t\t\t<\/div>\n\t\t<div class=\"elementor-element elementor-element-5a64b0b e-flex e-con-boxed e-con e-parent\" data-id=\"5a64b0b\" data-element_type=\"container\" data-e-type=\"container\">\n\t\t\t\t\t<div class=\"e-con-inner\">\n\t\t\t\t<div class=\"elementor-element elementor-element-abcb5b2 elementor-widget-divider--view-line elementor-widget elementor-widget-divider\" data-id=\"abcb5b2\" data-element_type=\"widget\" data-e-type=\"widget\" data-widget_type=\"divider.default\">\n\t\t\t\t<div class=\"elementor-widget-container\">\n\t\t\t\t\t\t\t<div class=\"elementor-divider\">\n\t\t\t<span class=\"elementor-divider-separator\">\n\t\t\t\t\t\t<\/span>\n\t\t<\/div>\n\t\t\t\t\t\t<\/div>\n\t\t\t\t<\/div>\n\t\t\t\t\t<\/div>\n\t\t\t\t<\/div>\n\t\t<div class=\"elementor-element elementor-element-beba48f e-flex e-con-boxed e-con e-parent\" data-id=\"beba48f\" data-element_type=\"container\" data-e-type=\"container\">\n\t\t\t\t\t<div class=\"e-con-inner\">\n\t\t<div class=\"elementor-element elementor-element-8106d6d e-grid e-con-full e-con e-child\" data-id=\"8106d6d\" data-element_type=\"container\" data-e-type=\"container\">\n\t\t\t\t<div class=\"elementor-element elementor-element-91f0e7b elementor-widget elementor-widget-text-editor\" data-id=\"91f0e7b\" data-element_type=\"widget\" data-e-type=\"widget\" data-widget_type=\"text-editor.default\">\n\t\t\t\t<div class=\"elementor-widget-container\">\n\t\t\t\t\t\t\t\t\t<script async\n  src=\"https:\/\/js.stripe.com\/v3\/buy-button.js\">\n<\/script>\n\n<stripe-buy-button\n  buy-button-id=\"buy_btn_1SwNp610gUnDxf8eUyWuaD6f\"\n  publishable-key=\"pk_live_51SvIbA10gUnDxf8ejRHyy31rZG82CjMTT0EPVz0Xj3xeXZ7IhTcRtVg92K2qHbZV45ZLyz46mh3pvkRG6ABIAUhx00BjKT3hGg\"\n>\n<\/stripe-buy-button>\t\t\t\t\t\t\t\t<\/div>\n\t\t\t\t<\/div>\n\t\t\t\t<div class=\"elementor-element elementor-element-c3793ed elementor-widget elementor-widget-text-editor\" data-id=\"c3793ed\" data-element_type=\"widget\" data-e-type=\"widget\" data-widget_type=\"text-editor.default\">\n\t\t\t\t<div class=\"elementor-widget-container\">\n\t\t\t\t\t\t\t\t\t<script async\n  src=\"https:\/\/js.stripe.com\/v3\/buy-button.js\">\n<\/script>\n\n<stripe-buy-button\n  buy-button-id=\"buy_btn_1SzLNG10gUnDxf8euJa4Jyd7\"\n  publishable-key=\"pk_live_51SvIbA10gUnDxf8ejRHyy31rZG82CjMTT0EPVz0Xj3xeXZ7IhTcRtVg92K2qHbZV45ZLyz46mh3pvkRG6ABIAUhx00BjKT3hGg\"\n>\n<\/stripe-buy-button>\t\t\t\t\t\t\t\t<\/div>\n\t\t\t\t<\/div>\n\t\t\t\t<\/div>\n\t\t\t\t\t<\/div>\n\t\t\t\t<\/div>\n\t\t<div class=\"elementor-element elementor-element-a55eb4c e-flex e-con-boxed e-con e-parent\" data-id=\"a55eb4c\" data-element_type=\"container\" data-e-type=\"container\">\n\t\t\t\t\t<div class=\"e-con-inner\">\n\t\t\t\t<div class=\"elementor-element elementor-element-07cd044 elementor-widget elementor-widget-text-editor\" data-id=\"07cd044\" data-element_type=\"widget\" data-e-type=\"widget\" data-widget_type=\"text-editor.default\">\n\t\t\t\t<div class=\"elementor-widget-container\">\n\t\t\t\t\t\t\t\t\t<p><em>Les cartes cadeaux sont <strong>valables 1 an<\/strong>, et <strong>non remboursables<\/strong>.<\/em><\/p>\t\t\t\t\t\t\t\t<\/div>\n\t\t\t\t<\/div>\n\t\t\t\t\t<\/div>\n\t\t\t\t<\/div>\n\t\t\t\t<\/div>\n\t\t","protected":false},"excerpt":{"rendered":"<p>Envie d&rsquo;offrir une s\u00e9ance \u00e0 un de vos proches ? Semez une graine de bien-\u00eatre autour de vous : offrez une carte cadeau pour une exp\u00e9rience relaxante et revitalisante. Je vous propose diff\u00e9rentes formules de cartes cadeaux pour des s\u00e9ances de r\u00e9flexologie plantaire en cabinet. Apr\u00e8s paiement, vous recevrez votre &hellip; <\/p>\n","protected":false},"author":1,"featured_media":0,"parent":0,"menu_order":0,"comment_status":"closed","ping_status":"closed","template":"","meta":{"footnotes":""},"class_list":["post-53","page","type-page","status-publish","hentry","latest_post"],"yoast_head":"<!-- This site is optimized with the Yoast SEO plugin v27.2 - https:\/\/yoast.com\/product\/yoast-seo-wordpress\/ -->\n<title>Carte cadeau - Azur R\u00e9flexologie<\/title>\n<meta name=\"description\" content=\"Offrez une s\u00e9ance de r\u00e9flexologie plantaire et faites vraiment plaisir. Cadeau bien-\u00eatre id\u00e9al pour un proche : f\u00eate des m\u00e8res, Saint-Valentin, anniversaire, No\u00ebl. Achat simple, paiement s\u00e9curis\u00e9 imm\u00e9diat en ligne.\" \/>\n<meta name=\"robots\" content=\"index, follow, max-snippet:-1, max-image-preview:large, max-video-preview:-1\" \/>\n<link rel=\"canonical\" href=\"https:\/\/azur-reflexologie.fr\/?page_id=53\" \/>\n<meta property=\"og:locale\" content=\"fr_FR\" \/>\n<meta property=\"og:type\" content=\"article\" \/>\n<meta property=\"og:title\" content=\"Carte cadeau - Azur R\u00e9flexologie\" \/>\n<meta property=\"og:description\" content=\"Offrez une s\u00e9ance de r\u00e9flexologie plantaire et faites vraiment plaisir. Cadeau bien-\u00eatre id\u00e9al pour un proche : f\u00eate des m\u00e8res, Saint-Valentin, anniversaire, No\u00ebl. Achat simple, paiement s\u00e9curis\u00e9 imm\u00e9diat en ligne.\" \/>\n<meta property=\"og:url\" content=\"https:\/\/azur-reflexologie.fr\/?page_id=53\" \/>\n<meta property=\"og:site_name\" content=\"Azur R\u00e9flexologie\" \/>\n<meta property=\"article:modified_time\" content=\"2026-03-22T14:05:37+00:00\" \/>\n<meta property=\"og:image\" content=\"https:\/\/azur-reflexologie.fr\/wp-content\/uploads\/2025\/03\/IMG_20250226_164530-01-scaled.jpeg\" \/>\n\t<meta property=\"og:image:width\" content=\"1928\" \/>\n\t<meta property=\"og:image:height\" content=\"2560\" \/>\n\t<meta property=\"og:image:type\" content=\"image\/jpeg\" \/>\n<meta name=\"twitter:card\" content=\"summary_large_image\" \/>\n<meta name=\"twitter:label1\" content=\"Dur\u00e9e de lecture estim\u00e9e\" \/>\n\t<meta name=\"twitter:data1\" content=\"1 minute\" \/>\n<script type=\"application\/ld+json\" class=\"yoast-schema-graph\">{\"@context\":\"https:\/\/schema.org\",\"@graph\":[{\"@type\":\"WebPage\",\"@id\":\"https:\/\/azur-reflexologie.fr\/?page_id=53\",\"url\":\"https:\/\/azur-reflexologie.fr\/?page_id=53\",\"name\":\"Carte cadeau - Azur R\u00e9flexologie\",\"isPartOf\":{\"@id\":\"https:\/\/azur-reflexologie.fr\/#website\"},\"primaryImageOfPage\":{\"@id\":\"https:\/\/azur-reflexologie.fr\/?page_id=53#primaryimage\"},\"image\":{\"@id\":\"https:\/\/azur-reflexologie.fr\/?page_id=53#primaryimage\"},\"thumbnailUrl\":\"https:\/\/azur-reflexologie.fr\/wp-content\/uploads\/2025\/03\/IMG_20250226_164530-01-771x1024.jpeg\",\"datePublished\":\"2025-03-28T16:17:13+00:00\",\"dateModified\":\"2026-03-22T14:05:37+00:00\",\"description\":\"Offrez une s\u00e9ance de r\u00e9flexologie plantaire et faites vraiment plaisir. Cadeau bien-\u00eatre id\u00e9al pour un proche : f\u00eate des m\u00e8res, Saint-Valentin, anniversaire, No\u00ebl. Achat simple, paiement s\u00e9curis\u00e9 imm\u00e9diat en ligne.\",\"breadcrumb\":{\"@id\":\"https:\/\/azur-reflexologie.fr\/?page_id=53#breadcrumb\"},\"inLanguage\":\"fr-FR\",\"potentialAction\":[{\"@type\":\"ReadAction\",\"target\":[\"https:\/\/azur-reflexologie.fr\/?page_id=53\"]}]},{\"@type\":\"ImageObject\",\"inLanguage\":\"fr-FR\",\"@id\":\"https:\/\/azur-reflexologie.fr\/?page_id=53#primaryimage\",\"url\":\"https:\/\/azur-reflexologie.fr\/wp-content\/uploads\/2025\/03\/IMG_20250226_164530-01-scaled.jpeg\",\"contentUrl\":\"https:\/\/azur-reflexologie.fr\/wp-content\/uploads\/2025\/03\/IMG_20250226_164530-01-scaled.jpeg\",\"width\":1928,\"height\":2560},{\"@type\":\"BreadcrumbList\",\"@id\":\"https:\/\/azur-reflexologie.fr\/?page_id=53#breadcrumb\",\"itemListElement\":[{\"@type\":\"ListItem\",\"position\":1,\"name\":\"Accueil\",\"item\":\"https:\/\/azur-reflexologie.fr\/\"},{\"@type\":\"ListItem\",\"position\":2,\"name\":\"Carte cadeau\"}]},{\"@type\":\"WebSite\",\"@id\":\"https:\/\/azur-reflexologie.fr\/#website\",\"url\":\"https:\/\/azur-reflexologie.fr\/\",\"name\":\"Azur R\u00e9flexologie\",\"description\":\"\",\"publisher\":{\"@id\":\"https:\/\/azur-reflexologie.fr\/#organization\"},\"alternateName\":\"Sandrine Stagliano, votre r\u00e9flexologue sur Bandol, Sanary, Saint-Cyr-sur-mer, Six-fours, La Cadi\u00e8re, Le Beausset, Le Castellet, Ollioules, La Seyne, Toulon, La Ciotat...\",\"potentialAction\":[{\"@type\":\"SearchAction\",\"target\":{\"@type\":\"EntryPoint\",\"urlTemplate\":\"https:\/\/azur-reflexologie.fr\/?s={search_term_string}\"},\"query-input\":{\"@type\":\"PropertyValueSpecification\",\"valueRequired\":true,\"valueName\":\"search_term_string\"}}],\"inLanguage\":\"fr-FR\"},{\"@type\":\"Organization\",\"@id\":\"https:\/\/azur-reflexologie.fr\/#organization\",\"name\":\"Votre r\u00e9flexologue sur Bandol et alentours\",\"alternateName\":\"Sandrine Stagliano\",\"url\":\"https:\/\/azur-reflexologie.fr\/\",\"logo\":{\"@type\":\"ImageObject\",\"inLanguage\":\"fr-FR\",\"@id\":\"https:\/\/azur-reflexologie.fr\/#\/schema\/logo\/image\/\",\"url\":\"https:\/\/azur-reflexologie.fr\/wp-content\/uploads\/2025\/03\/bandeau-e1743184361284.png\",\"contentUrl\":\"https:\/\/azur-reflexologie.fr\/wp-content\/uploads\/2025\/03\/bandeau-e1743184361284.png\",\"width\":1510,\"height\":430,\"caption\":\"Votre r\u00e9flexologue sur Bandol et alentours\"},\"image\":{\"@id\":\"https:\/\/azur-reflexologie.fr\/#\/schema\/logo\/image\/\"},\"sameAs\":[\"https:\/\/www.instagram.com\/azur_reflexologie\",\"https:\/\/www.linkedin.com\/in\/sandrine-stagliano\/\"]}]}<\/script>\n<!-- \/ Yoast SEO plugin. -->","yoast_head_json":{"title":"Carte cadeau - Azur R\u00e9flexologie","description":"Offrez une s\u00e9ance de r\u00e9flexologie plantaire et faites vraiment plaisir. Cadeau bien-\u00eatre id\u00e9al pour un proche : f\u00eate des m\u00e8res, Saint-Valentin, anniversaire, No\u00ebl. Achat simple, paiement s\u00e9curis\u00e9 imm\u00e9diat en ligne.","robots":{"index":"index","follow":"follow","max-snippet":"max-snippet:-1","max-image-preview":"max-image-preview:large","max-video-preview":"max-video-preview:-1"},"canonical":"https:\/\/azur-reflexologie.fr\/?page_id=53","og_locale":"fr_FR","og_type":"article","og_title":"Carte cadeau - Azur R\u00e9flexologie","og_description":"Offrez une s\u00e9ance de r\u00e9flexologie plantaire et faites vraiment plaisir. Cadeau bien-\u00eatre id\u00e9al pour un proche : f\u00eate des m\u00e8res, Saint-Valentin, anniversaire, No\u00ebl. Achat simple, paiement s\u00e9curis\u00e9 imm\u00e9diat en ligne.","og_url":"https:\/\/azur-reflexologie.fr\/?page_id=53","og_site_name":"Azur R\u00e9flexologie","article_modified_time":"2026-03-22T14:05:37+00:00","og_image":[{"width":1928,"height":2560,"url":"https:\/\/azur-reflexologie.fr\/wp-content\/uploads\/2025\/03\/IMG_20250226_164530-01-scaled.jpeg","type":"image\/jpeg"}],"twitter_card":"summary_large_image","twitter_misc":{"Dur\u00e9e de lecture estim\u00e9e":"1 minute"},"schema":{"@context":"https:\/\/schema.org","@graph":[{"@type":"WebPage","@id":"https:\/\/azur-reflexologie.fr\/?page_id=53","url":"https:\/\/azur-reflexologie.fr\/?page_id=53","name":"Carte cadeau - Azur R\u00e9flexologie","isPartOf":{"@id":"https:\/\/azur-reflexologie.fr\/#website"},"primaryImageOfPage":{"@id":"https:\/\/azur-reflexologie.fr\/?page_id=53#primaryimage"},"image":{"@id":"https:\/\/azur-reflexologie.fr\/?page_id=53#primaryimage"},"thumbnailUrl":"https:\/\/azur-reflexologie.fr\/wp-content\/uploads\/2025\/03\/IMG_20250226_164530-01-771x1024.jpeg","datePublished":"2025-03-28T16:17:13+00:00","dateModified":"2026-03-22T14:05:37+00:00","description":"Offrez une s\u00e9ance de r\u00e9flexologie plantaire et faites vraiment plaisir. Cadeau bien-\u00eatre id\u00e9al pour un proche : f\u00eate des m\u00e8res, Saint-Valentin, anniversaire, No\u00ebl. Achat simple, paiement s\u00e9curis\u00e9 imm\u00e9diat en ligne.","breadcrumb":{"@id":"https:\/\/azur-reflexologie.fr\/?page_id=53#breadcrumb"},"inLanguage":"fr-FR","potentialAction":[{"@type":"ReadAction","target":["https:\/\/azur-reflexologie.fr\/?page_id=53"]}]},{"@type":"ImageObject","inLanguage":"fr-FR","@id":"https:\/\/azur-reflexologie.fr\/?page_id=53#primaryimage","url":"https:\/\/azur-reflexologie.fr\/wp-content\/uploads\/2025\/03\/IMG_20250226_164530-01-scaled.jpeg","contentUrl":"https:\/\/azur-reflexologie.fr\/wp-content\/uploads\/2025\/03\/IMG_20250226_164530-01-scaled.jpeg","width":1928,"height":2560},{"@type":"BreadcrumbList","@id":"https:\/\/azur-reflexologie.fr\/?page_id=53#breadcrumb","itemListElement":[{"@type":"ListItem","position":1,"name":"Accueil","item":"https:\/\/azur-reflexologie.fr\/"},{"@type":"ListItem","position":2,"name":"Carte cadeau"}]},{"@type":"WebSite","@id":"https:\/\/azur-reflexologie.fr\/#website","url":"https:\/\/azur-reflexologie.fr\/","name":"Azur R\u00e9flexologie","description":"","publisher":{"@id":"https:\/\/azur-reflexologie.fr\/#organization"},"alternateName":"Sandrine Stagliano, votre r\u00e9flexologue sur Bandol, Sanary, Saint-Cyr-sur-mer, Six-fours, La Cadi\u00e8re, Le Beausset, Le Castellet, Ollioules, La Seyne, Toulon, La Ciotat...","potentialAction":[{"@type":"SearchAction","target":{"@type":"EntryPoint","urlTemplate":"https:\/\/azur-reflexologie.fr\/?s={search_term_string}"},"query-input":{"@type":"PropertyValueSpecification","valueRequired":true,"valueName":"search_term_string"}}],"inLanguage":"fr-FR"},{"@type":"Organization","@id":"https:\/\/azur-reflexologie.fr\/#organization","name":"Votre r\u00e9flexologue sur Bandol et alentours","alternateName":"Sandrine Stagliano","url":"https:\/\/azur-reflexologie.fr\/","logo":{"@type":"ImageObject","inLanguage":"fr-FR","@id":"https:\/\/azur-reflexologie.fr\/#\/schema\/logo\/image\/","url":"https:\/\/azur-reflexologie.fr\/wp-content\/uploads\/2025\/03\/bandeau-e1743184361284.png","contentUrl":"https:\/\/azur-reflexologie.fr\/wp-content\/uploads\/2025\/03\/bandeau-e1743184361284.png","width":1510,"height":430,"caption":"Votre r\u00e9flexologue sur Bandol et alentours"},"image":{"@id":"https:\/\/azur-reflexologie.fr\/#\/schema\/logo\/image\/"},"sameAs":["https:\/\/www.instagram.com\/azur_reflexologie","https:\/\/www.linkedin.com\/in\/sandrine-stagliano\/"]}]}},"_links":{"self":[{"href":"https:\/\/azur-reflexologie.fr\/index.php?rest_route=\/wp\/v2\/pages\/53","targetHints":{"allow":["GET"]}}],"collection":[{"href":"https:\/\/azur-reflexologie.fr\/index.php?rest_route=\/wp\/v2\/pages"}],"about":[{"href":"https:\/\/azur-reflexologie.fr\/index.php?rest_route=\/wp\/v2\/types\/page"}],"author":[{"embeddable":true,"href":"https:\/\/azur-reflexologie.fr\/index.php?rest_route=\/wp\/v2\/users\/1"}],"replies":[{"embeddable":true,"href":"https:\/\/azur-reflexologie.fr\/index.php?rest_route=%2Fwp%2Fv2%2Fcomments&post=53"}],"version-history":[{"count":34,"href":"https:\/\/azur-reflexologie.fr\/index.php?rest_route=\/wp\/v2\/pages\/53\/revisions"}],"predecessor-version":[{"id":880,"href":"https:\/\/azur-reflexologie.fr\/index.php?rest_route=\/wp\/v2\/pages\/53\/revisions\/880"}],"wp:attachment":[{"href":"https:\/\/azur-reflexologie.fr\/index.php?rest_route=%2Fwp%2Fv2%2Fmedia&parent=53"}],"curies":[{"name":"wp","href":"https:\/\/api.w.org\/{rel}","templated":true}]}}