{"id":36,"date":"2025-03-28T16:35:44","date_gmt":"2025-03-28T15:35:44","guid":{"rendered":"https:\/\/azur-reflexologie.fr\/?page_id=36"},"modified":"2026-03-26T10:44:46","modified_gmt":"2026-03-26T09:44:46","slug":"qui-suis-je","status":"publish","type":"page","link":"https:\/\/azur-reflexologie.fr\/?page_id=36","title":{"rendered":"Votre r\u00e9flexologue"},"content":{"rendered":"\t\t<div data-elementor-type=\"wp-page\" data-elementor-id=\"36\" class=\"elementor elementor-36\">\n\t\t\t\t<div class=\"elementor-element elementor-element-7f27d96a e-flex e-con-boxed e-con e-parent\" data-id=\"7f27d96a\" data-element_type=\"container\" data-e-type=\"container\">\n\t\t\t\t\t<div class=\"e-con-inner\">\n\t\t\t\t<div class=\"elementor-element elementor-element-0fcf9b7 elementor-widget elementor-widget-heading\" data-id=\"0fcf9b7\" data-element_type=\"widget\" data-e-type=\"widget\" data-widget_type=\"heading.default\">\n\t\t\t\t<div class=\"elementor-widget-container\">\n\t\t\t\t\t<h3 class=\"elementor-heading-title elementor-size-default\">Tout a commenc\u00e9 par un r\u00e9el coup de c\u0153ur<\/h3>\t\t\t\t<\/div>\n\t\t\t\t<\/div>\n\t\t\t\t<div class=\"elementor-element elementor-element-7033358 elementor-widget elementor-widget-text-editor\" data-id=\"7033358\" data-element_type=\"widget\" data-e-type=\"widget\" data-widget_type=\"text-editor.default\">\n\t\t\t\t<div class=\"elementor-widget-container\">\n\t\t\t\t\t\t\t\t\t<p style=\"text-align: justify;\"><img decoding=\"async\" class=\" wp-image-12 alignright\" src=\"https:\/\/azur-reflexologie.fr\/wp-content\/uploads\/2025\/03\/IMG_20241203_223138-276x300.jpg\" alt=\"\" width=\"110\" height=\"120\" srcset=\"https:\/\/azur-reflexologie.fr\/wp-content\/uploads\/2025\/03\/IMG_20241203_223138-276x300.jpg 276w, https:\/\/azur-reflexologie.fr\/wp-content\/uploads\/2025\/03\/IMG_20241203_223138-943x1024.jpg 943w, https:\/\/azur-reflexologie.fr\/wp-content\/uploads\/2025\/03\/IMG_20241203_223138-768x834.jpg 768w, https:\/\/azur-reflexologie.fr\/wp-content\/uploads\/2025\/03\/IMG_20241203_223138-1415x1536.jpg 1415w, https:\/\/azur-reflexologie.fr\/wp-content\/uploads\/2025\/03\/IMG_20241203_223138.jpg 1517w\" sizes=\"(max-width: 110px) 100vw, 110px\" \/>Le jour o\u00f9, \u00e0 l&rsquo;occasion d&rsquo;une s\u00e9ance, j&rsquo;ai pris conscience de tout le potentiel de la r\u00e9flexologie. Petit retour en arri\u00e8re : pendant 20 ans, j&rsquo;ai accompagn\u00e9 des b\u00e9n\u00e9ficiaires dans leurs d\u00e9marches administratives. Un accompagnement bien incomplet par rapport au besoin que je percevais chez eux.\u00a0 Je d\u00e9passais souvent les missions de mon entreprise, pour donner ce petit suppl\u00e9ment d&rsquo;\u00e2me et d&rsquo;attention qui permet parfois de d\u00e9bloquer des situations complexes.<\/p><p style=\"text-align: justify;\">A travers la r\u00e9flexologie, j&rsquo;avais enfin trouv\u00e9 le moyen de consid\u00e9rer l&rsquo;humain dans sa globalit\u00e9. Cette approche douce et naturelle r\u00e9pondait parfaitement \u00e0 mon d\u00e9sir de prendre soin des autres de mani\u00e8re plus globale et personnalis\u00e9e en prenant le temps et dans le respect du rythme de chacun.<\/p>\t\t\t\t\t\t\t\t<\/div>\n\t\t\t\t<\/div>\n\t\t\t\t<div class=\"elementor-element elementor-element-ae8b764 elementor-widget elementor-widget-heading\" data-id=\"ae8b764\" data-element_type=\"widget\" data-e-type=\"widget\" data-widget_type=\"heading.default\">\n\t\t\t\t<div class=\"elementor-widget-container\">\n\t\t\t\t\t<h3 class=\"elementor-heading-title elementor-size-default\">Un centre de formation de r\u00e9f\u00e9rence...<\/h3>\t\t\t\t<\/div>\n\t\t\t\t<\/div>\n\t\t\t\t<div class=\"elementor-element elementor-element-64d9c31 elementor-widget elementor-widget-text-editor\" data-id=\"64d9c31\" data-element_type=\"widget\" data-e-type=\"widget\" data-widget_type=\"text-editor.default\">\n\t\t\t\t<div class=\"elementor-widget-container\">\n\t\t\t\t\t\t\t\t\t<p style=\"text-align: justify;\">D\u00e9termin\u00e9e \u00e0 offrir le meilleur \u00e0 mes futurs clients, j&rsquo;ai souhait\u00e9 me former dans une \u00e9cole de qualit\u00e9. La r\u00e9flexologue Mireille Meunier est une pionni\u00e8re reconnue dans le domaine. Son approche unique m&rsquo;a s\u00e9duite. Elle allie les techniques r\u00e9flexes occidentales aux concepts de la Tradition chinoise, permettant une compr\u00e9hension globale de l&rsquo;\u00eatre humain.<\/p><p style=\"text-align: justify;\"><strong>Ma formation a dur\u00e9 2 ans<\/strong>. Rigoureuse et compl\u00e8te, elle m&rsquo;a permis d&rsquo;acqu\u00e9rir des comp\u00e9tences solides, que j&rsquo;ai ensuite enrichies avec des sp\u00e9cialisations.<\/p>\t\t\t\t\t\t\t\t<\/div>\n\t\t\t\t<\/div>\n\t\t\t\t<div class=\"elementor-element elementor-element-561bc28 elementor-widget elementor-widget-heading\" data-id=\"561bc28\" data-element_type=\"widget\" data-e-type=\"widget\" data-widget_type=\"heading.default\">\n\t\t\t\t<div class=\"elementor-widget-container\">\n\t\t\t\t\t<h3 class=\"elementor-heading-title elementor-size-default\">Des s\u00e9ances adapt\u00e9es \u00e0 vos besoins<\/h3>\t\t\t\t<\/div>\n\t\t\t\t<\/div>\n\t\t\t\t<div class=\"elementor-element elementor-element-0927b2c elementor-widget elementor-widget-text-editor\" data-id=\"0927b2c\" data-element_type=\"widget\" data-e-type=\"widget\" data-widget_type=\"text-editor.default\">\n\t\t\t\t<div class=\"elementor-widget-container\">\n\t\t\t\t\t\t\t\t\t<p style=\"text-align: justify;\">Aujourd&rsquo;hui, je vous accueille dans mon cabinet sur Bandol, un espace que j&rsquo;ai con\u00e7u pour que les s\u00e9ances soient les plus b\u00e9n\u00e9fiques. Chaque d\u00e9tail a \u00e9t\u00e9 pens\u00e9 pour cr\u00e9er une ambiance propice au l\u00e2cher-prise. C&rsquo;est dans cet environnement serein que je vous propose un accompagnement sur mesure. Mon objectif est de vous accompagner avec bienveillance afin de permettre \u00e0 votre organisme de s\u2019\u00e9panouir au maximum de son potentiel.<\/p>\t\t\t\t\t\t\t\t<\/div>\n\t\t\t\t<\/div>\n\t\t<div class=\"elementor-element elementor-element-5c830e2 e-grid e-con-full e-con e-child\" data-id=\"5c830e2\" data-element_type=\"container\" data-e-type=\"container\">\n\t\t\t\t<div class=\"elementor-element elementor-element-dd1a7cb elementor-widget elementor-widget-image\" data-id=\"dd1a7cb\" data-element_type=\"widget\" data-e-type=\"widget\" data-widget_type=\"image.default\">\n\t\t\t\t<div class=\"elementor-widget-container\">\n\t\t\t\t\t\t\t\t\t\t\t\t\t\t\t<img fetchpriority=\"high\" decoding=\"async\" width=\"300\" height=\"233\" src=\"https:\/\/azur-reflexologie.fr\/wp-content\/uploads\/2025\/04\/IMG_20250331_140821-01-300x233.jpeg\" class=\"attachment-medium size-medium wp-image-477\" alt=\"\" srcset=\"https:\/\/azur-reflexologie.fr\/wp-content\/uploads\/2025\/04\/IMG_20250331_140821-01-300x233.jpeg 300w, https:\/\/azur-reflexologie.fr\/wp-content\/uploads\/2025\/04\/IMG_20250331_140821-01-1024x796.jpeg 1024w, https:\/\/azur-reflexologie.fr\/wp-content\/uploads\/2025\/04\/IMG_20250331_140821-01-768x597.jpeg 768w, https:\/\/azur-reflexologie.fr\/wp-content\/uploads\/2025\/04\/IMG_20250331_140821-01-1536x1194.jpeg 1536w, https:\/\/azur-reflexologie.fr\/wp-content\/uploads\/2025\/04\/IMG_20250331_140821-01-2048x1591.jpeg 2048w, https:\/\/azur-reflexologie.fr\/wp-content\/uploads\/2025\/04\/IMG_20250331_140821-01-77x60.jpeg 77w\" sizes=\"(max-width: 300px) 100vw, 300px\" \/>\t\t\t\t\t\t\t\t\t\t\t\t\t\t\t<\/div>\n\t\t\t\t<\/div>\n\t\t\t\t<div class=\"elementor-element elementor-element-f7bc180 elementor-widget elementor-widget-image\" data-id=\"f7bc180\" data-element_type=\"widget\" data-e-type=\"widget\" data-widget_type=\"image.default\">\n\t\t\t\t<div class=\"elementor-widget-container\">\n\t\t\t\t\t\t\t\t\t\t\t\t\t\t\t<img decoding=\"async\" width=\"300\" height=\"232\" src=\"https:\/\/azur-reflexologie.fr\/wp-content\/uploads\/2025\/04\/IMG_20250331_140206-01-300x232.jpeg\" class=\"attachment-medium size-medium wp-image-469\" alt=\"\" srcset=\"https:\/\/azur-reflexologie.fr\/wp-content\/uploads\/2025\/04\/IMG_20250331_140206-01-300x232.jpeg 300w, https:\/\/azur-reflexologie.fr\/wp-content\/uploads\/2025\/04\/IMG_20250331_140206-01-1024x790.jpeg 1024w, https:\/\/azur-reflexologie.fr\/wp-content\/uploads\/2025\/04\/IMG_20250331_140206-01-768x593.jpeg 768w, https:\/\/azur-reflexologie.fr\/wp-content\/uploads\/2025\/04\/IMG_20250331_140206-01-1536x1186.jpeg 1536w, https:\/\/azur-reflexologie.fr\/wp-content\/uploads\/2025\/04\/IMG_20250331_140206-01-2048x1581.jpeg 2048w, https:\/\/azur-reflexologie.fr\/wp-content\/uploads\/2025\/04\/IMG_20250331_140206-01-78x60.jpeg 78w\" sizes=\"(max-width: 300px) 100vw, 300px\" \/>\t\t\t\t\t\t\t\t\t\t\t\t\t\t\t<\/div>\n\t\t\t\t<\/div>\n\t\t\t\t<\/div>\n\t\t\t\t<div class=\"elementor-element elementor-element-9bfdc69 elementor-widget-divider--separator-type-pattern elementor-widget-divider--view-line elementor-widget elementor-widget-divider\" data-id=\"9bfdc69\" data-element_type=\"widget\" data-e-type=\"widget\" data-widget_type=\"divider.default\">\n\t\t\t\t<div class=\"elementor-widget-container\">\n\t\t\t\t\t\t\t<div class=\"elementor-divider\" style=\"--divider-pattern-url: url(&quot;data:image\/svg+xml,%3Csvg xmlns=&#039;http:\/\/www.w3.org\/2000\/svg&#039; preserveAspectRatio=&#039;none&#039; overflow=&#039;visible&#039; height=&#039;100%&#039; viewBox=&#039;0 0 24 24&#039; fill=&#039;none&#039; stroke=&#039;black&#039; stroke-width=&#039;1&#039; stroke-linecap=&#039;square&#039; stroke-miterlimit=&#039;10&#039;%3E%3Cpath d=&#039;M0,21c3.3,0,8.3-0.9,15.7-7.1c6.6-5.4,4.4-9.3,2.4-10.3c-3.4-1.8-7.7,1.3-7.3,8.8C11.2,20,17.1,21,24,21&#039;\/%3E%3C\/svg%3E&quot;);\">\n\t\t\t<span class=\"elementor-divider-separator\">\n\t\t\t\t\t\t<\/span>\n\t\t<\/div>\n\t\t\t\t\t\t<\/div>\n\t\t\t\t<\/div>\n\t\t\t\t<div class=\"elementor-element elementor-element-1de1401 elementor-widget elementor-widget-text-editor\" data-id=\"1de1401\" data-element_type=\"widget\" data-e-type=\"widget\" data-widget_type=\"text-editor.default\">\n\t\t\t\t<div class=\"elementor-widget-container\">\n\t\t\t\t\t\t\t\t\t<p id=\"mes-formations\" style=\"text-align: center;\">Mon parcours de formation<\/p>\t\t\t\t\t\t\t\t<\/div>\n\t\t\t\t<\/div>\n\t\t\t\t<div class=\"elementor-element elementor-element-96070e7 elementor-widget elementor-widget-heading\" data-id=\"96070e7\" data-element_type=\"widget\" data-e-type=\"widget\" data-widget_type=\"heading.default\">\n\t\t\t\t<div class=\"elementor-widget-container\">\n\t\t\t\t\t<h3 class=\"elementor-heading-title elementor-size-default\">Formation initiale<\/h3>\t\t\t\t<\/div>\n\t\t\t\t<\/div>\n\t\t\t\t<div class=\"elementor-element elementor-element-17ef529a elementor-widget elementor-widget-text-editor\" data-id=\"17ef529a\" data-element_type=\"widget\" data-e-type=\"widget\" data-widget_type=\"text-editor.default\">\n\t\t\t\t<div class=\"elementor-widget-container\">\n\t\t\t\t\t\t\t\t\t<p style=\"text-align: justify;\"><strong>\ud83c\udf93 2023 \/ 2024 \u2013 formation au m\u00e9tier de r\u00e9flexologue &#8211; Centre de formation <em>Mireille Meunier<\/em><\/strong> :<br \/>Pour assurer une formation de qualit\u00e9, j&rsquo;ai choisi le centre de Mireille Meunier, reconnu pour son expertise et son approche compl\u00e8te.<\/p><p style=\"text-align: justify;\"><strong>\ud83c\udf93 2024 \/ 2025 \u2013 L\u2019\u00e9nerg\u00e9tique chinoise appliqu\u00e9e \u00e0 la r\u00e9flexologie &#8211; Centre <em>Mireille Meunier<\/em><\/strong> :<br \/>L&rsquo;int\u00e9gration des concepts de la Tradition chinoise aux techniques r\u00e9flexes : une approche holistique qui consid\u00e8re la personne dans sa globalit\u00e9, prenant en compte les aspects corporels, vitaux, \u00e9motionnels et psychiques.<\/p>\t\t\t\t\t\t\t\t<\/div>\n\t\t\t\t<\/div>\n\t\t\t\t<div class=\"elementor-element elementor-element-58207ff elementor-widget elementor-widget-heading\" data-id=\"58207ff\" data-element_type=\"widget\" data-e-type=\"widget\" data-widget_type=\"heading.default\">\n\t\t\t\t<div class=\"elementor-widget-container\">\n\t\t\t\t\t<h3 class=\"elementor-heading-title elementor-size-default\">Sp\u00e9cialisations<\/h3>\t\t\t\t<\/div>\n\t\t\t\t<\/div>\n\t\t\t\t<div class=\"elementor-element elementor-element-490b3fc elementor-widget elementor-widget-text-editor\" data-id=\"490b3fc\" data-element_type=\"widget\" data-e-type=\"widget\" data-widget_type=\"text-editor.default\">\n\t\t\t\t<div class=\"elementor-widget-container\">\n\t\t\t\t\t\t\t\t\t<p style=\"text-align: justify;\"><strong>\ud83d\udc63 2024 \u2013 R\u00e9flexologie b\u00e9b\u00e9s et enfants &#8211; <em>Ecole \u00catre<\/em><\/strong> par No\u00eblle Sanvert :<br \/>Une pratique douce et non invasive qui s&rsquo;adresse aux b\u00e9b\u00e9s et aux enfants, d\u00e8s la naissance, pour les accompagner dans leur d\u00e9veloppement et soulager divers maux du quotidien.<\/p><p style=\"text-align: justify;\"><strong>\ud83d\udc63 2024 \u2013 Accompagnement r\u00e9flexologique et sportif\u00a0&#8211; <em>R\u00e9flex\u2019 P.E.P.S<\/em><\/strong> par Nathalie Thouly :<br \/>L\u2019apport de la r\u00e9flexologie dans les processus de pr\u00e9paration, de r\u00e9cup\u00e9ration et de r\u00e9paration sur les plans physique, mental et \u00e9motionnel<\/p><p style=\"text-align: justify;\"><strong>\ud83d\udc63 2025 \u2013 La maternit\u00e9 en r\u00e9flexologie &#8211; Centre de formation <em>Mireille Meunier<\/em><\/strong> :<br \/>La r\u00e9flexologie p\u00e9rinatale offre un accompagnement complet et holistique tout au long du parcours de la maternit\u00e9, de la pr\u00e9conception aux soins du nouveau-n\u00e9 \u2013 incluant les parcours PMA. Cette approche, enrichie par les principes de la Tradition chinoise, apporte un soutien global aux futurs et nouveaux parents \u00e0 chaque \u00e9tape de ce processus.\u00a0<\/p><p><strong>\ud83d\udc63 2026 \u2013 Oncologie et r\u00e9flexologie &#8211; Centre de formation <em>Mireille Meunier<\/em><\/strong> :<br \/>Accompagner le diagnostic du cancer, r\u00e9duire les effets chimio-induits, d\u00e9velopper une d\u00e9marche psycho-\u00e9motionnelle adapt\u00e9e pour les personnes en cures et en r\u00e9mission du cancer.<\/p><p>Afin de vous offrir un accompagnement toujours plus complet et adapt\u00e9 \u00e0 vos besoins, je continue de me former et d&rsquo;enrichir mes comp\u00e9tences.<\/p>\t\t\t\t\t\t\t\t<\/div>\n\t\t\t\t<\/div>\n\t\t\t\t\t<\/div>\n\t\t\t\t<\/div>\n\t\t\t\t<\/div>\n\t\t","protected":false},"excerpt":{"rendered":"<p>Tout a commenc\u00e9 par un r\u00e9el coup de c\u0153ur Le jour o\u00f9, \u00e0 l&rsquo;occasion d&rsquo;une s\u00e9ance, j&rsquo;ai pris conscience de tout le potentiel de la r\u00e9flexologie. Petit retour en arri\u00e8re : pendant 20 ans, j&rsquo;ai accompagn\u00e9 des b\u00e9n\u00e9ficiaires dans leurs d\u00e9marches administratives. Un accompagnement bien incomplet par rapport au besoin &hellip; <\/p>\n","protected":false},"author":1,"featured_media":0,"parent":0,"menu_order":0,"comment_status":"closed","ping_status":"closed","template":"","meta":{"footnotes":""},"class_list":["post-36","page","type-page","status-publish","hentry","latest_post"],"yoast_head":"<!-- This site is optimized with the Yoast SEO plugin v27.2 - https:\/\/yoast.com\/product\/yoast-seo-wordpress\/ -->\n<title>Votre r\u00e9flexologue - Azur R\u00e9flexologie<\/title>\n<meta name=\"robots\" content=\"index, follow, max-snippet:-1, max-image-preview:large, max-video-preview:-1\" \/>\n<link rel=\"canonical\" href=\"https:\/\/azur-reflexologie.fr\/?page_id=36\" \/>\n<meta property=\"og:locale\" content=\"fr_FR\" \/>\n<meta property=\"og:type\" content=\"article\" \/>\n<meta property=\"og:title\" content=\"Votre r\u00e9flexologue - Azur R\u00e9flexologie\" \/>\n<meta property=\"og:description\" content=\"Tout a commenc\u00e9 par un r\u00e9el coup de c\u0153ur Le jour o\u00f9, \u00e0 l&rsquo;occasion d&rsquo;une s\u00e9ance, j&rsquo;ai pris conscience de tout le potentiel de la r\u00e9flexologie. Petit retour en arri\u00e8re : pendant 20 ans, j&rsquo;ai accompagn\u00e9 des b\u00e9n\u00e9ficiaires dans leurs d\u00e9marches administratives. Un accompagnement bien incomplet par rapport au besoin &hellip;\" \/>\n<meta property=\"og:url\" content=\"https:\/\/azur-reflexologie.fr\/?page_id=36\" \/>\n<meta property=\"og:site_name\" content=\"Azur R\u00e9flexologie\" \/>\n<meta property=\"article:modified_time\" content=\"2026-03-26T09:44:46+00:00\" \/>\n<meta property=\"og:image\" content=\"https:\/\/azur-reflexologie.fr\/wp-content\/uploads\/2025\/03\/IMG_20241203_223138.jpg\" \/>\n\t<meta property=\"og:image:width\" content=\"1517\" \/>\n\t<meta property=\"og:image:height\" content=\"1647\" \/>\n\t<meta property=\"og:image:type\" content=\"image\/jpeg\" \/>\n<meta name=\"twitter:card\" content=\"summary_large_image\" \/>\n<meta name=\"twitter:label1\" content=\"Dur\u00e9e de lecture estim\u00e9e\" \/>\n\t<meta name=\"twitter:data1\" content=\"5 minutes\" \/>\n<script type=\"application\/ld+json\" class=\"yoast-schema-graph\">{\"@context\":\"https:\/\/schema.org\",\"@graph\":[{\"@type\":\"WebPage\",\"@id\":\"https:\/\/azur-reflexologie.fr\/?page_id=36\",\"url\":\"https:\/\/azur-reflexologie.fr\/?page_id=36\",\"name\":\"Votre r\u00e9flexologue - Azur R\u00e9flexologie\",\"isPartOf\":{\"@id\":\"https:\/\/azur-reflexologie.fr\/#website\"},\"primaryImageOfPage\":{\"@id\":\"https:\/\/azur-reflexologie.fr\/?page_id=36#primaryimage\"},\"image\":{\"@id\":\"https:\/\/azur-reflexologie.fr\/?page_id=36#primaryimage\"},\"thumbnailUrl\":\"https:\/\/azur-reflexologie.fr\/wp-content\/uploads\/2025\/03\/IMG_20241203_223138-276x300.jpg\",\"datePublished\":\"2025-03-28T15:35:44+00:00\",\"dateModified\":\"2026-03-26T09:44:46+00:00\",\"breadcrumb\":{\"@id\":\"https:\/\/azur-reflexologie.fr\/?page_id=36#breadcrumb\"},\"inLanguage\":\"fr-FR\",\"potentialAction\":[{\"@type\":\"ReadAction\",\"target\":[\"https:\/\/azur-reflexologie.fr\/?page_id=36\"]}]},{\"@type\":\"ImageObject\",\"inLanguage\":\"fr-FR\",\"@id\":\"https:\/\/azur-reflexologie.fr\/?page_id=36#primaryimage\",\"url\":\"https:\/\/azur-reflexologie.fr\/wp-content\/uploads\/2025\/03\/IMG_20241203_223138.jpg\",\"contentUrl\":\"https:\/\/azur-reflexologie.fr\/wp-content\/uploads\/2025\/03\/IMG_20241203_223138.jpg\",\"width\":1517,\"height\":1647},{\"@type\":\"BreadcrumbList\",\"@id\":\"https:\/\/azur-reflexologie.fr\/?page_id=36#breadcrumb\",\"itemListElement\":[{\"@type\":\"ListItem\",\"position\":1,\"name\":\"Accueil\",\"item\":\"https:\/\/azur-reflexologie.fr\/\"},{\"@type\":\"ListItem\",\"position\":2,\"name\":\"Votre r\u00e9flexologue\"}]},{\"@type\":\"WebSite\",\"@id\":\"https:\/\/azur-reflexologie.fr\/#website\",\"url\":\"https:\/\/azur-reflexologie.fr\/\",\"name\":\"Azur R\u00e9flexologie\",\"description\":\"\",\"publisher\":{\"@id\":\"https:\/\/azur-reflexologie.fr\/#organization\"},\"alternateName\":\"Sandrine Stagliano, votre r\u00e9flexologue sur Bandol, Sanary, Saint-Cyr-sur-mer, Six-fours, La Cadi\u00e8re, Le Beausset, Le Castellet, Ollioules, La Seyne, Toulon, La Ciotat...\",\"potentialAction\":[{\"@type\":\"SearchAction\",\"target\":{\"@type\":\"EntryPoint\",\"urlTemplate\":\"https:\/\/azur-reflexologie.fr\/?s={search_term_string}\"},\"query-input\":{\"@type\":\"PropertyValueSpecification\",\"valueRequired\":true,\"valueName\":\"search_term_string\"}}],\"inLanguage\":\"fr-FR\"},{\"@type\":\"Organization\",\"@id\":\"https:\/\/azur-reflexologie.fr\/#organization\",\"name\":\"Votre r\u00e9flexologue sur Bandol et alentours\",\"alternateName\":\"Sandrine Stagliano\",\"url\":\"https:\/\/azur-reflexologie.fr\/\",\"logo\":{\"@type\":\"ImageObject\",\"inLanguage\":\"fr-FR\",\"@id\":\"https:\/\/azur-reflexologie.fr\/#\/schema\/logo\/image\/\",\"url\":\"https:\/\/azur-reflexologie.fr\/wp-content\/uploads\/2025\/03\/bandeau-e1743184361284.png\",\"contentUrl\":\"https:\/\/azur-reflexologie.fr\/wp-content\/uploads\/2025\/03\/bandeau-e1743184361284.png\",\"width\":1510,\"height\":430,\"caption\":\"Votre r\u00e9flexologue sur Bandol et alentours\"},\"image\":{\"@id\":\"https:\/\/azur-reflexologie.fr\/#\/schema\/logo\/image\/\"},\"sameAs\":[\"https:\/\/www.instagram.com\/azur_reflexologie\",\"https:\/\/www.linkedin.com\/in\/sandrine-stagliano\/\"]}]}<\/script>\n<!-- \/ Yoast SEO plugin. -->","yoast_head_json":{"title":"Votre r\u00e9flexologue - Azur R\u00e9flexologie","robots":{"index":"index","follow":"follow","max-snippet":"max-snippet:-1","max-image-preview":"max-image-preview:large","max-video-preview":"max-video-preview:-1"},"canonical":"https:\/\/azur-reflexologie.fr\/?page_id=36","og_locale":"fr_FR","og_type":"article","og_title":"Votre r\u00e9flexologue - Azur R\u00e9flexologie","og_description":"Tout a commenc\u00e9 par un r\u00e9el coup de c\u0153ur Le jour o\u00f9, \u00e0 l&rsquo;occasion d&rsquo;une s\u00e9ance, j&rsquo;ai pris conscience de tout le potentiel de la r\u00e9flexologie. Petit retour en arri\u00e8re : pendant 20 ans, j&rsquo;ai accompagn\u00e9 des b\u00e9n\u00e9ficiaires dans leurs d\u00e9marches administratives. Un accompagnement bien incomplet par rapport au besoin &hellip;","og_url":"https:\/\/azur-reflexologie.fr\/?page_id=36","og_site_name":"Azur R\u00e9flexologie","article_modified_time":"2026-03-26T09:44:46+00:00","og_image":[{"width":1517,"height":1647,"url":"https:\/\/azur-reflexologie.fr\/wp-content\/uploads\/2025\/03\/IMG_20241203_223138.jpg","type":"image\/jpeg"}],"twitter_card":"summary_large_image","twitter_misc":{"Dur\u00e9e de lecture estim\u00e9e":"5 minutes"},"schema":{"@context":"https:\/\/schema.org","@graph":[{"@type":"WebPage","@id":"https:\/\/azur-reflexologie.fr\/?page_id=36","url":"https:\/\/azur-reflexologie.fr\/?page_id=36","name":"Votre r\u00e9flexologue - Azur R\u00e9flexologie","isPartOf":{"@id":"https:\/\/azur-reflexologie.fr\/#website"},"primaryImageOfPage":{"@id":"https:\/\/azur-reflexologie.fr\/?page_id=36#primaryimage"},"image":{"@id":"https:\/\/azur-reflexologie.fr\/?page_id=36#primaryimage"},"thumbnailUrl":"https:\/\/azur-reflexologie.fr\/wp-content\/uploads\/2025\/03\/IMG_20241203_223138-276x300.jpg","datePublished":"2025-03-28T15:35:44+00:00","dateModified":"2026-03-26T09:44:46+00:00","breadcrumb":{"@id":"https:\/\/azur-reflexologie.fr\/?page_id=36#breadcrumb"},"inLanguage":"fr-FR","potentialAction":[{"@type":"ReadAction","target":["https:\/\/azur-reflexologie.fr\/?page_id=36"]}]},{"@type":"ImageObject","inLanguage":"fr-FR","@id":"https:\/\/azur-reflexologie.fr\/?page_id=36#primaryimage","url":"https:\/\/azur-reflexologie.fr\/wp-content\/uploads\/2025\/03\/IMG_20241203_223138.jpg","contentUrl":"https:\/\/azur-reflexologie.fr\/wp-content\/uploads\/2025\/03\/IMG_20241203_223138.jpg","width":1517,"height":1647},{"@type":"BreadcrumbList","@id":"https:\/\/azur-reflexologie.fr\/?page_id=36#breadcrumb","itemListElement":[{"@type":"ListItem","position":1,"name":"Accueil","item":"https:\/\/azur-reflexologie.fr\/"},{"@type":"ListItem","position":2,"name":"Votre r\u00e9flexologue"}]},{"@type":"WebSite","@id":"https:\/\/azur-reflexologie.fr\/#website","url":"https:\/\/azur-reflexologie.fr\/","name":"Azur R\u00e9flexologie","description":"","publisher":{"@id":"https:\/\/azur-reflexologie.fr\/#organization"},"alternateName":"Sandrine Stagliano, votre r\u00e9flexologue sur Bandol, Sanary, Saint-Cyr-sur-mer, Six-fours, La Cadi\u00e8re, Le Beausset, Le Castellet, Ollioules, La Seyne, Toulon, La Ciotat...","potentialAction":[{"@type":"SearchAction","target":{"@type":"EntryPoint","urlTemplate":"https:\/\/azur-reflexologie.fr\/?s={search_term_string}"},"query-input":{"@type":"PropertyValueSpecification","valueRequired":true,"valueName":"search_term_string"}}],"inLanguage":"fr-FR"},{"@type":"Organization","@id":"https:\/\/azur-reflexologie.fr\/#organization","name":"Votre r\u00e9flexologue sur Bandol et alentours","alternateName":"Sandrine Stagliano","url":"https:\/\/azur-reflexologie.fr\/","logo":{"@type":"ImageObject","inLanguage":"fr-FR","@id":"https:\/\/azur-reflexologie.fr\/#\/schema\/logo\/image\/","url":"https:\/\/azur-reflexologie.fr\/wp-content\/uploads\/2025\/03\/bandeau-e1743184361284.png","contentUrl":"https:\/\/azur-reflexologie.fr\/wp-content\/uploads\/2025\/03\/bandeau-e1743184361284.png","width":1510,"height":430,"caption":"Votre r\u00e9flexologue sur Bandol et alentours"},"image":{"@id":"https:\/\/azur-reflexologie.fr\/#\/schema\/logo\/image\/"},"sameAs":["https:\/\/www.instagram.com\/azur_reflexologie","https:\/\/www.linkedin.com\/in\/sandrine-stagliano\/"]}]}},"_links":{"self":[{"href":"https:\/\/azur-reflexologie.fr\/index.php?rest_route=\/wp\/v2\/pages\/36","targetHints":{"allow":["GET"]}}],"collection":[{"href":"https:\/\/azur-reflexologie.fr\/index.php?rest_route=\/wp\/v2\/pages"}],"about":[{"href":"https:\/\/azur-reflexologie.fr\/index.php?rest_route=\/wp\/v2\/types\/page"}],"author":[{"embeddable":true,"href":"https:\/\/azur-reflexologie.fr\/index.php?rest_route=\/wp\/v2\/users\/1"}],"replies":[{"embeddable":true,"href":"https:\/\/azur-reflexologie.fr\/index.php?rest_route=%2Fwp%2Fv2%2Fcomments&post=36"}],"version-history":[{"count":37,"href":"https:\/\/azur-reflexologie.fr\/index.php?rest_route=\/wp\/v2\/pages\/36\/revisions"}],"predecessor-version":[{"id":960,"href":"https:\/\/azur-reflexologie.fr\/index.php?rest_route=\/wp\/v2\/pages\/36\/revisions\/960"}],"wp:attachment":[{"href":"https:\/\/azur-reflexologie.fr\/index.php?rest_route=%2Fwp%2Fv2%2Fmedia&parent=36"}],"curies":[{"name":"wp","href":"https:\/\/api.w.org\/{rel}","templated":true}]}}