{"id":3,"date":"2025-03-09T18:29:20","date_gmt":"2025-03-09T17:29:20","guid":{"rendered":"https:\/\/azur-reflexologie.fr\/?page_id=3"},"modified":"2025-12-01T11:26:55","modified_gmt":"2025-12-01T10:26:55","slug":"politique-de-confidentialite","status":"publish","type":"page","link":"https:\/\/azur-reflexologie.fr\/?page_id=3","title":{"rendered":"Mentions l\u00e9gales &#8211; Politique de confidentialit\u00e9"},"content":{"rendered":"\t\t<div data-elementor-type=\"wp-page\" data-elementor-id=\"3\" class=\"elementor elementor-3\">\n\t\t\t\t<div class=\"elementor-element elementor-element-76b4250 e-flex e-con-boxed e-con e-parent\" data-id=\"76b4250\" data-element_type=\"container\" data-e-type=\"container\">\n\t\t\t\t\t<div class=\"e-con-inner\">\n\t\t\t\t<div class=\"elementor-element elementor-element-bc96c49 elementor-widget elementor-widget-text-editor\" data-id=\"bc96c49\" data-element_type=\"widget\" data-e-type=\"widget\" data-widget_type=\"text-editor.default\">\n\t\t\t\t<div class=\"elementor-widget-container\">\n\t\t\t\t\t\t\t\t\t<p style=\"text-align: justify;\"><strong>Derni\u00e8re mise \u00e0 jour : 30\/03\/2025<\/strong><\/p>\n<p style=\"text-align: justify;\"><strong>\u00c9DITEUR DU SITE WEB<\/strong><\/p>\n<p style=\"text-align: justify;\">Le site <span style=\"text-decoration: underline;\">azur-reflexologie.fr<\/span> est \u00e9dit\u00e9 par Sandrine Stagliano entreprise individuelle immatricul\u00e9e sous le num\u00e9ro SIRET 939 322 699 00017.<\/p>\n<p style=\"text-align: justify;\">Si\u00e8ge social : 121 chemin de l&rsquo;Escourche \u2013 83150 Bandol\nT\u00e9l\u00e9phone : 06.51.78.07.33\nCourriel : sandrine@azur-reflexologie.fr<\/p>\n<p style=\"text-align: justify;\">Directeur de publication : Sandrine Stagliano<\/p>\n<p style=\"text-align: justify;\"><strong>H\u00c9BERGEUR<\/strong><\/p>\n<p style=\"text-align: justify;\">LWS (www.lws.fr &#8211; Ligne Web Services)\n10, RUE PENTHIEVRE\n75008 PARIS\nFRANCE<\/p>\n<p style=\"text-align: justify;\"><strong>CR\u00c9DITS<\/strong><\/p>\n<p style=\"text-align: justify;\">Conception et r\u00e9alisation du site : Sandrine Stagliano<\/p>\n<p style=\"text-align: justify;\"><strong>PROPRI\u00c9T\u00c9 INTELLECTUELLE<\/strong><\/p>\n<p style=\"text-align: justify;\">L\u2019ensemble du site, y compris sa structure et son contenu (textes, tableaux, graphiques, images, photographies, vid\u00e9os, sons, bases de donn\u00e9es, applications et logiciels), est prot\u00e9g\u00e9 par le droit d\u2019auteur et de propri\u00e9t\u00e9 intellectuelle de l\u2019\u00e9diteur ou de ses fournisseurs et prestataires.<\/p>\n<p style=\"text-align: justify;\">Toute repr\u00e9sentation, reproduction, adaptation, modification ou exploitation non autoris\u00e9e est interdite et susceptible de constituer une contrefa\u00e7on au sens des articles L. 335-2 et suivants du Code de la propri\u00e9t\u00e9 intellectuelle.<\/p>\n<p style=\"text-align: justify;\"><strong>DONN\u00c9ES PERSONNELLES<\/strong><\/p>\n<p style=\"text-align: justify;\">L\u2019\u00e9diteur du site s\u2019engage \u00e0 mettre en \u0153uvre un traitement de vos donn\u00e9es personnelles respectueux de votre vie priv\u00e9e et conforme \u00e0 la l\u00e9gislation fran\u00e7aise et europ\u00e9enne en vigueur.<\/p>\n<p style=\"text-align: justify;\">Plus d\u2019informations sur le traitement de vos donn\u00e9es sont disponibles \u00e0 cette adresse : www.azur-reflexologie.fr\/politique-de-confidentialite<\/p>\n<p style=\"text-align: justify;\">Vous reconnaissez en avoir pris connaissance pr\u00e9alablement \u00e0 toute utilisation du site.<\/p>\n<p style=\"text-align: justify;\"><strong>COOKIES<\/strong><\/p>\n<p style=\"text-align: justify;\">L\u2019\u00e9diteur du site utilise des cookies et autres traceurs ayant pour finalit\u00e9 exclusive de permettre ou faciliter une communication par voie \u00e9lectronique ou strictement n\u00e9cessaires au bon fonctionnement du site.<\/p>\n<p style=\"text-align: justify;\">Vous pouvez modifier les param\u00e8tres de votre navigateur pour bloquer ou supprimer les cookies. Le blocage des cookies peut alt\u00e9rer le fonctionnement du site.<\/p>\n<p style=\"text-align: justify;\">Plus d\u2019informations sur le fonctionnement et la proc\u00e9dure \u00e0 suivre pour g\u00e9rer les cookies sont disponibles \u00e0 cette adresse : www.azur-reflexologie.fr\/politique-de-confidentialite<\/p>\n<p style=\"text-align: justify;\"><strong>M\u00c9DIATION<\/strong><\/p>\n<p style=\"text-align: justify;\">Si vous n\u2019\u00eates pas parvenu \u00e0 r\u00e9soudre votre litige apr\u00e8s nous avoir adress\u00e9 une r\u00e9clamation \u00e9crite (courrier ou courriel), dat\u00e9e, rappelant les circonstances qui ont donn\u00e9 lieu au diff\u00e9rend et ce que vous r\u00e9clamez, vous pourrez saisir le m\u00e9diateur de la consommation, d\u00e9sign\u00e9 ci- dessous, si vous avez re\u00e7u une r\u00e9ponse \u00e9crite n\u00e9gative de notre part ou pas de r\u00e9ponse deux mois apr\u00e8s l\u2019envoi de votre r\u00e9clamation.<BR>\n \nConform\u00e9ment aux articles L.616-1 et R.616-1 \ndu code de la consommation, notre soci\u00e9t\u00e9 a mis en place un dispositif de m\u00e9diation de la consommation. L&rsquo;entit\u00e9 de m\u00e9diation retenue est : MEDIATION CONSOMMATION D\u00c9VELOPPEMENT\/MED CONSO DEV\nEn cas de litige, vous pouvez d\u00e9poser votre r\u00e9clamation sur son site : <a href=\"https:\/\/www.medconsodev.eu\">www.medconsodev.eu<\/a>\nou par voie postale en \u00e9crivant \u00e0 : MEDIATION CONSOMMATION D\u00c9VELOPPEMENT\/MED CONSO DEV \u2013 \nCentre d\u2019Affaires St\u00e9phanois SAS \nIMMEUBLE L\u2019HORIZON \u2013 ESPLANADE DE FRANCE\n3, RUE J. CONSTANT MILLERET \u2013 42000 SAINT-\u00c9TIENNE<\/p>\t\t\t\t\t\t\t\t<\/div>\n\t\t\t\t<\/div>\n\t\t\t\t\t<\/div>\n\t\t\t\t<\/div>\n\t\t\t\t<\/div>\n\t\t","protected":false},"excerpt":{"rendered":"<p>Derni\u00e8re mise \u00e0 jour : 30\/03\/2025 \u00c9DITEUR DU SITE WEB Le site azur-reflexologie.fr est \u00e9dit\u00e9 par Sandrine Stagliano entreprise individuelle immatricul\u00e9e sous le num\u00e9ro SIRET 939 322 699 00017. Si\u00e8ge social : 121 chemin de l&rsquo;Escourche \u2013 83150 Bandol T\u00e9l\u00e9phone : 06.51.78.07.33 Courriel : sandrine@azur-reflexologie.fr Directeur de publication : Sandrine &hellip; <\/p>\n","protected":false},"author":1,"featured_media":0,"parent":0,"menu_order":0,"comment_status":"closed","ping_status":"open","template":"","meta":{"footnotes":""},"class_list":["post-3","page","type-page","status-publish","hentry","latest_post"],"yoast_head":"<!-- This site is optimized with the Yoast SEO plugin v27.2 - https:\/\/yoast.com\/product\/yoast-seo-wordpress\/ -->\n<title>Mentions l\u00e9gales - Politique de confidentialit\u00e9 - Azur R\u00e9flexologie<\/title>\n<meta name=\"robots\" content=\"noindex, follow\" \/>\n<meta property=\"og:locale\" content=\"fr_FR\" \/>\n<meta property=\"og:type\" content=\"article\" \/>\n<meta property=\"og:title\" content=\"Mentions l\u00e9gales - Politique de confidentialit\u00e9 - Azur R\u00e9flexologie\" \/>\n<meta property=\"og:description\" content=\"Derni\u00e8re mise \u00e0 jour : 30\/03\/2025 \u00c9DITEUR DU SITE WEB Le site azur-reflexologie.fr est \u00e9dit\u00e9 par Sandrine Stagliano entreprise individuelle immatricul\u00e9e sous le num\u00e9ro SIRET 939 322 699 00017. Si\u00e8ge social : 121 chemin de l&rsquo;Escourche \u2013 83150 Bandol T\u00e9l\u00e9phone : 06.51.78.07.33 Courriel : sandrine@azur-reflexologie.fr Directeur de publication : Sandrine &hellip;\" \/>\n<meta property=\"og:url\" content=\"https:\/\/azur-reflexologie.fr\/?page_id=3\" \/>\n<meta property=\"og:site_name\" content=\"Azur R\u00e9flexologie\" \/>\n<meta property=\"article:modified_time\" content=\"2025-12-01T10:26:55+00:00\" \/>\n<meta property=\"og:image\" content=\"https:\/\/azur-reflexologie.fr\/wp-content\/uploads\/2025\/03\/bandeau-1-e1743184859228.png\" \/>\n\t<meta property=\"og:image:width\" content=\"1480\" \/>\n\t<meta property=\"og:image:height\" content=\"830\" \/>\n\t<meta property=\"og:image:type\" content=\"image\/png\" \/>\n<meta name=\"twitter:card\" content=\"summary_large_image\" \/>\n<meta name=\"twitter:label1\" content=\"Dur\u00e9e de lecture estim\u00e9e\" \/>\n\t<meta name=\"twitter:data1\" content=\"3 minutes\" \/>\n<script type=\"application\/ld+json\" class=\"yoast-schema-graph\">{\"@context\":\"https:\/\/schema.org\",\"@graph\":[{\"@type\":\"WebPage\",\"@id\":\"https:\/\/azur-reflexologie.fr\/?page_id=3\",\"url\":\"https:\/\/azur-reflexologie.fr\/?page_id=3\",\"name\":\"Mentions l\u00e9gales - Politique de confidentialit\u00e9 - Azur R\u00e9flexologie\",\"isPartOf\":{\"@id\":\"https:\/\/azur-reflexologie.fr\/#website\"},\"datePublished\":\"2025-03-09T17:29:20+00:00\",\"dateModified\":\"2025-12-01T10:26:55+00:00\",\"breadcrumb\":{\"@id\":\"https:\/\/azur-reflexologie.fr\/?page_id=3#breadcrumb\"},\"inLanguage\":\"fr-FR\",\"potentialAction\":[{\"@type\":\"ReadAction\",\"target\":[\"https:\/\/azur-reflexologie.fr\/?page_id=3\"]}]},{\"@type\":\"BreadcrumbList\",\"@id\":\"https:\/\/azur-reflexologie.fr\/?page_id=3#breadcrumb\",\"itemListElement\":[{\"@type\":\"ListItem\",\"position\":1,\"name\":\"Accueil\",\"item\":\"https:\/\/azur-reflexologie.fr\/\"},{\"@type\":\"ListItem\",\"position\":2,\"name\":\"Mentions l\u00e9gales &#8211; Politique de confidentialit\u00e9\"}]},{\"@type\":\"WebSite\",\"@id\":\"https:\/\/azur-reflexologie.fr\/#website\",\"url\":\"https:\/\/azur-reflexologie.fr\/\",\"name\":\"Azur R\u00e9flexologie\",\"description\":\"\",\"publisher\":{\"@id\":\"https:\/\/azur-reflexologie.fr\/#organization\"},\"alternateName\":\"Sandrine Stagliano, votre r\u00e9flexologue sur Bandol, Sanary, Saint-Cyr-sur-mer, Six-fours, La Cadi\u00e8re, Le Beausset, Le Castellet, Ollioules, La Seyne, Toulon, La Ciotat...\",\"potentialAction\":[{\"@type\":\"SearchAction\",\"target\":{\"@type\":\"EntryPoint\",\"urlTemplate\":\"https:\/\/azur-reflexologie.fr\/?s={search_term_string}\"},\"query-input\":{\"@type\":\"PropertyValueSpecification\",\"valueRequired\":true,\"valueName\":\"search_term_string\"}}],\"inLanguage\":\"fr-FR\"},{\"@type\":\"Organization\",\"@id\":\"https:\/\/azur-reflexologie.fr\/#organization\",\"name\":\"Votre r\u00e9flexologue sur Bandol et alentours\",\"alternateName\":\"Sandrine Stagliano\",\"url\":\"https:\/\/azur-reflexologie.fr\/\",\"logo\":{\"@type\":\"ImageObject\",\"inLanguage\":\"fr-FR\",\"@id\":\"https:\/\/azur-reflexologie.fr\/#\/schema\/logo\/image\/\",\"url\":\"https:\/\/azur-reflexologie.fr\/wp-content\/uploads\/2025\/03\/bandeau-e1743184361284.png\",\"contentUrl\":\"https:\/\/azur-reflexologie.fr\/wp-content\/uploads\/2025\/03\/bandeau-e1743184361284.png\",\"width\":1510,\"height\":430,\"caption\":\"Votre r\u00e9flexologue sur Bandol et alentours\"},\"image\":{\"@id\":\"https:\/\/azur-reflexologie.fr\/#\/schema\/logo\/image\/\"},\"sameAs\":[\"https:\/\/www.instagram.com\/azur_reflexologie\",\"https:\/\/www.linkedin.com\/in\/sandrine-stagliano\/\"]}]}<\/script>\n<!-- \/ Yoast SEO plugin. -->","yoast_head_json":{"title":"Mentions l\u00e9gales - Politique de confidentialit\u00e9 - Azur R\u00e9flexologie","robots":{"index":"noindex","follow":"follow"},"og_locale":"fr_FR","og_type":"article","og_title":"Mentions l\u00e9gales - Politique de confidentialit\u00e9 - Azur R\u00e9flexologie","og_description":"Derni\u00e8re mise \u00e0 jour : 30\/03\/2025 \u00c9DITEUR DU SITE WEB Le site azur-reflexologie.fr est \u00e9dit\u00e9 par Sandrine Stagliano entreprise individuelle immatricul\u00e9e sous le num\u00e9ro SIRET 939 322 699 00017. Si\u00e8ge social : 121 chemin de l&rsquo;Escourche \u2013 83150 Bandol T\u00e9l\u00e9phone : 06.51.78.07.33 Courriel : sandrine@azur-reflexologie.fr Directeur de publication : Sandrine &hellip;","og_url":"https:\/\/azur-reflexologie.fr\/?page_id=3","og_site_name":"Azur R\u00e9flexologie","article_modified_time":"2025-12-01T10:26:55+00:00","og_image":[{"width":1480,"height":830,"url":"https:\/\/azur-reflexologie.fr\/wp-content\/uploads\/2025\/03\/bandeau-1-e1743184859228.png","type":"image\/png"}],"twitter_card":"summary_large_image","twitter_misc":{"Dur\u00e9e de lecture estim\u00e9e":"3 minutes"},"schema":{"@context":"https:\/\/schema.org","@graph":[{"@type":"WebPage","@id":"https:\/\/azur-reflexologie.fr\/?page_id=3","url":"https:\/\/azur-reflexologie.fr\/?page_id=3","name":"Mentions l\u00e9gales - Politique de confidentialit\u00e9 - Azur R\u00e9flexologie","isPartOf":{"@id":"https:\/\/azur-reflexologie.fr\/#website"},"datePublished":"2025-03-09T17:29:20+00:00","dateModified":"2025-12-01T10:26:55+00:00","breadcrumb":{"@id":"https:\/\/azur-reflexologie.fr\/?page_id=3#breadcrumb"},"inLanguage":"fr-FR","potentialAction":[{"@type":"ReadAction","target":["https:\/\/azur-reflexologie.fr\/?page_id=3"]}]},{"@type":"BreadcrumbList","@id":"https:\/\/azur-reflexologie.fr\/?page_id=3#breadcrumb","itemListElement":[{"@type":"ListItem","position":1,"name":"Accueil","item":"https:\/\/azur-reflexologie.fr\/"},{"@type":"ListItem","position":2,"name":"Mentions l\u00e9gales &#8211; Politique de confidentialit\u00e9"}]},{"@type":"WebSite","@id":"https:\/\/azur-reflexologie.fr\/#website","url":"https:\/\/azur-reflexologie.fr\/","name":"Azur R\u00e9flexologie","description":"","publisher":{"@id":"https:\/\/azur-reflexologie.fr\/#organization"},"alternateName":"Sandrine Stagliano, votre r\u00e9flexologue sur Bandol, Sanary, Saint-Cyr-sur-mer, Six-fours, La Cadi\u00e8re, Le Beausset, Le Castellet, Ollioules, La Seyne, Toulon, La Ciotat...","potentialAction":[{"@type":"SearchAction","target":{"@type":"EntryPoint","urlTemplate":"https:\/\/azur-reflexologie.fr\/?s={search_term_string}"},"query-input":{"@type":"PropertyValueSpecification","valueRequired":true,"valueName":"search_term_string"}}],"inLanguage":"fr-FR"},{"@type":"Organization","@id":"https:\/\/azur-reflexologie.fr\/#organization","name":"Votre r\u00e9flexologue sur Bandol et alentours","alternateName":"Sandrine Stagliano","url":"https:\/\/azur-reflexologie.fr\/","logo":{"@type":"ImageObject","inLanguage":"fr-FR","@id":"https:\/\/azur-reflexologie.fr\/#\/schema\/logo\/image\/","url":"https:\/\/azur-reflexologie.fr\/wp-content\/uploads\/2025\/03\/bandeau-e1743184361284.png","contentUrl":"https:\/\/azur-reflexologie.fr\/wp-content\/uploads\/2025\/03\/bandeau-e1743184361284.png","width":1510,"height":430,"caption":"Votre r\u00e9flexologue sur Bandol et alentours"},"image":{"@id":"https:\/\/azur-reflexologie.fr\/#\/schema\/logo\/image\/"},"sameAs":["https:\/\/www.instagram.com\/azur_reflexologie","https:\/\/www.linkedin.com\/in\/sandrine-stagliano\/"]}]}},"_links":{"self":[{"href":"https:\/\/azur-reflexologie.fr\/index.php?rest_route=\/wp\/v2\/pages\/3","targetHints":{"allow":["GET"]}}],"collection":[{"href":"https:\/\/azur-reflexologie.fr\/index.php?rest_route=\/wp\/v2\/pages"}],"about":[{"href":"https:\/\/azur-reflexologie.fr\/index.php?rest_route=\/wp\/v2\/types\/page"}],"author":[{"embeddable":true,"href":"https:\/\/azur-reflexologie.fr\/index.php?rest_route=\/wp\/v2\/users\/1"}],"replies":[{"embeddable":true,"href":"https:\/\/azur-reflexologie.fr\/index.php?rest_route=%2Fwp%2Fv2%2Fcomments&post=3"}],"version-history":[{"count":10,"href":"https:\/\/azur-reflexologie.fr\/index.php?rest_route=\/wp\/v2\/pages\/3\/revisions"}],"predecessor-version":[{"id":591,"href":"https:\/\/azur-reflexologie.fr\/index.php?rest_route=\/wp\/v2\/pages\/3\/revisions\/591"}],"wp:attachment":[{"href":"https:\/\/azur-reflexologie.fr\/index.php?rest_route=%2Fwp%2Fv2%2Fmedia&parent=3"}],"curies":[{"name":"wp","href":"https:\/\/api.w.org\/{rel}","templated":true}]}}